{"id":6098,"date":"2017-12-02T01:27:52","date_gmt":"2017-12-02T01:27:52","guid":{"rendered":"http:\/\/elcalaixetdelaiaia.es\/?page_id=6098"},"modified":"2017-12-11T11:51:40","modified_gmt":"2017-12-11T11:51:40","slug":"sobre-mi","status":"publish","type":"page","link":"https:\/\/elcalaixetdelaiaia.es\/?page_id=6098","title":{"rendered":"Sobre mi"},"content":{"rendered":"<div class=\"widget-content\">\n<div>Bienvenido\/a a este blog valenciano en el que quiero tratar cualquier tema relacionado con las experiencias de la vida a lo largo de los a\u00f1os, y principalmente en la cocina.<\/div>\n<div><\/div>\n<\/div>\n<div>\u00bf\u00bbEl Calaixet de la iaia\u00bb? \u00bfcual es el significado del t\u00edtulo de mi blog? pues\u00a0 la traducci\u00f3n ser\u00eda El Cajoncito de la abuela, porque quisiera que este rinc\u00f3n fuese como un caj\u00f3n de sastre, en el que pod\u00e1is encontrar un poquito de todo. Consejos, trucos, recetas, trabajos manuales, indumentaria valenciana, tradiciones, pensamientos&#8230;..un poco de mi.<\/div>\n<div><\/div>\n<div class=\"widget-content\">\n<div>Gracias a mis iaias, a mi t\u00eda Conxeta y a mi madre, fui aprendiendo peque\u00f1os trucos de todo tipo que me han ayudado en el d\u00eda a d\u00eda y a saber ahorrar. Aqu\u00ed espero compartirlos con todos vosotros,si as\u00ed lo quer\u00e9is.<\/div>\n<div><\/div>\n<div>Os ofrezco mi cajoncito, mi \u00abcalaixet\u00bb.<\/div>\n<div><\/div>\n<div>Adelante, \u00e9ste calaixet valenciano, est\u00e1 abierto&#8230;..<\/div>\n<div><\/div>\n<\/div>\n","protected":false},"excerpt":{"rendered":"<p>Bienvenido\/a a este blog valenciano en el que quiero tratar cualquier tema relacionado con las experiencias de la vida a lo largo de los a\u00f1os, y principalmente en la cocina. \u00bf\u00bbEl Calaixet de la iaia\u00bb? \u00bfcual es el significado del t\u00edtulo de mi blog? pues\u00a0 la traducci\u00f3n ser\u00eda El Cajoncito &hellip; <\/p>\n","protected":false},"author":1,"featured_media":14777,"parent":0,"menu_order":6,"comment_status":"closed","ping_status":"closed","template":"","meta":[],"_links":{"self":[{"href":"https:\/\/elcalaixetdelaiaia.es\/index.php?rest_route=\/wp\/v2\/pages\/6098"}],"collection":[{"href":"https:\/\/elcalaixetdelaiaia.es\/index.php?rest_route=\/wp\/v2\/pages"}],"about":[{"href":"https:\/\/elcalaixetdelaiaia.es\/index.php?rest_route=\/wp\/v2\/types\/page"}],"author":[{"embeddable":true,"href":"https:\/\/elcalaixetdelaiaia.es\/index.php?rest_route=\/wp\/v2\/users\/1"}],"replies":[{"embeddable":true,"href":"https:\/\/elcalaixetdelaiaia.es\/index.php?rest_route=%2Fwp%2Fv2%2Fcomments&post=6098"}],"version-history":[{"count":3,"href":"https:\/\/elcalaixetdelaiaia.es\/index.php?rest_route=\/wp\/v2\/pages\/6098\/revisions"}],"predecessor-version":[{"id":14481,"href":"https:\/\/elcalaixetdelaiaia.es\/index.php?rest_route=\/wp\/v2\/pages\/6098\/revisions\/14481"}],"wp:featuredmedia":[{"embeddable":true,"href":"https:\/\/elcalaixetdelaiaia.es\/index.php?rest_route=\/wp\/v2\/media\/14777"}],"wp:attachment":[{"href":"https:\/\/elcalaixetdelaiaia.es\/index.php?rest_route=%2Fwp%2Fv2%2Fmedia&parent=6098"}],"curies":[{"name":"wp","href":"https:\/\/api.w.org\/{rel}","templated":true}]}}